{"id":356,"date":"2021-10-15T00:12:26","date_gmt":"2021-10-15T00:12:26","guid":{"rendered":"https:\/\/funlape.com\/?page_id=356"},"modified":"2021-10-15T01:45:18","modified_gmt":"2021-10-15T01:45:18","slug":"noticias","status":"publish","type":"page","link":"https:\/\/funlape.com\/index.php\/noticias\/","title":{"rendered":"Noticias"},"content":{"rendered":"<h2>Noticias<\/h2>\n<h2>Dile no al maltrato<br \/>\nanimal!!!<\/h2>\n<h5>&#8220;El mundo ser\u00eda un lugar mucho mejor si las personas tuvieran el coraz\u00f3n de los perros&#8221;.<\/h5>\n<p>\t\t\t\t\t\t\t\t\t\t\t\t\t\t\t<img decoding=\"async\" width=\"1024\" height=\"744\" src=\"https:\/\/funlape.com\/wp-content\/uploads\/2021\/10\/coupon02-1024x744.jpg\" alt=\"\" loading=\"lazy\" srcset=\"https:\/\/funlape.com\/wp-content\/uploads\/2021\/10\/coupon02-1024x744.jpg 1024w, https:\/\/funlape.com\/wp-content\/uploads\/2021\/10\/coupon02-300x218.jpg 300w, https:\/\/funlape.com\/wp-content\/uploads\/2021\/10\/coupon02-768x558.jpg 768w, https:\/\/funlape.com\/wp-content\/uploads\/2021\/10\/coupon02.jpg 1080w\" sizes=\"(max-width: 1024px) 100vw, 1024px\" \/>\t\t\t\t\t\t\t\t\t\t\t\t\t\t\t<\/p>\n<h5>Condenan a tres a\u00f1os de c\u00e1rcel al torturador del Husky que adopt\u00f3 la Polic\u00eda<\/h5>\n<h6>Carlos A., identificado como el responsable de maltratar y torturar al perro Husky que ahora est\u00e1 bajo el cuidado de la Polic\u00eda, fue condenado a tres a\u00f1os de privaci\u00f3n de libertad por los delitos de tratos crueles y tentativa de biocidio. El hombre fue sometido a proceso abreviado y acept\u00f3 su culpa.<\/h6>\n<p>\t\t\t<a href=\"#\" role=\"button\"><br \/>\n\t\t\t\t\t\tLeer mas&#8230;<br \/>\n\t\t\t\t\t<\/a><br \/>\n\t\t\t\t\t\t\t\t\t\t\t\t\t\t\t<img decoding=\"async\" width=\"1024\" height=\"744\" src=\"https:\/\/funlape.com\/wp-content\/uploads\/2021\/10\/coupon02-1024x744.jpg\" alt=\"\" loading=\"lazy\" srcset=\"https:\/\/funlape.com\/wp-content\/uploads\/2021\/10\/coupon02-1024x744.jpg 1024w, https:\/\/funlape.com\/wp-content\/uploads\/2021\/10\/coupon02-300x218.jpg 300w, https:\/\/funlape.com\/wp-content\/uploads\/2021\/10\/coupon02-768x558.jpg 768w, https:\/\/funlape.com\/wp-content\/uploads\/2021\/10\/coupon02.jpg 1080w\" sizes=\"(max-width: 1024px) 100vw, 1024px\" \/>\t\t\t\t\t\t\t\t\t\t\t\t\t\t\t<\/p>\n<h5>Condenan a tres a\u00f1os de c\u00e1rcel al torturador del Husky que adopt\u00f3 la Polic\u00eda<\/h5>\n<h6>Carlos A., identificado como el responsable de maltratar y torturar al perro Husky que ahora est\u00e1 bajo el cuidado de la Polic\u00eda, fue condenado a tres a\u00f1os de privaci\u00f3n de libertad por los delitos de tratos crueles y tentativa de biocidio. El hombre fue sometido a proceso abreviado y acept\u00f3 su culpa.<\/h6>\n<p>\t\t\t<a href=\"#\" role=\"button\"><br \/>\n\t\t\t\t\t\tLeer mas&#8230;<br \/>\n\t\t\t\t\t<\/a><br \/>\n\t\t\t\t\t\t\t\t\t\t\t\t\t\t\t<img decoding=\"async\" width=\"1024\" height=\"744\" src=\"https:\/\/funlape.com\/wp-content\/uploads\/2021\/10\/coupon02-1024x744.jpg\" alt=\"\" loading=\"lazy\" srcset=\"https:\/\/funlape.com\/wp-content\/uploads\/2021\/10\/coupon02-1024x744.jpg 1024w, https:\/\/funlape.com\/wp-content\/uploads\/2021\/10\/coupon02-300x218.jpg 300w, https:\/\/funlape.com\/wp-content\/uploads\/2021\/10\/coupon02-768x558.jpg 768w, https:\/\/funlape.com\/wp-content\/uploads\/2021\/10\/coupon02.jpg 1080w\" sizes=\"(max-width: 1024px) 100vw, 1024px\" \/>\t\t\t\t\t\t\t\t\t\t\t\t\t\t\t<\/p>\n<h5>Condenan a tres a\u00f1os de c\u00e1rcel al torturador del Husky que adopt\u00f3 la Polic\u00eda<\/h5>\n<h6>Carlos A., identificado como el responsable de maltratar y torturar al perro Husky que ahora est\u00e1 bajo el cuidado de la Polic\u00eda, fue condenado a tres a\u00f1os de privaci\u00f3n de libertad por los delitos de tratos crueles y tentativa de biocidio. El hombre fue sometido a proceso abreviado y acept\u00f3 su culpa.<\/h6>\n<p>\t\t\t<a href=\"#\" role=\"button\"><br \/>\n\t\t\t\t\t\tLeer mas&#8230;<br \/>\n\t\t\t\t\t<\/a><\/p>\n","protected":false},"excerpt":{"rendered":"<p>Noticias Dile no al maltrato animal!!! &#8220;El mundo ser\u00eda un lugar mucho mejor si las personas tuvieran el coraz\u00f3n de los perros&#8221;. Condenan a tres a\u00f1os de c\u00e1rcel al torturador del Husky que adopt\u00f3 la Polic\u00eda Carlos A., identificado como el responsable de maltratar y torturar al perro Husky que ahora est\u00e1 bajo el cuidado &hellip;<\/p>\n<p class=\"read-more\"> <a class=\"\" href=\"https:\/\/funlape.com\/index.php\/noticias\/\"> <span class=\"screen-reader-text\">Noticias<\/span> Read More &raquo;<\/a><\/p>\n","protected":false},"author":1,"featured_media":0,"parent":0,"menu_order":0,"comment_status":"closed","ping_status":"open","template":"","meta":{"footnotes":""},"_links":{"self":[{"href":"https:\/\/funlape.com\/index.php\/wp-json\/wp\/v2\/pages\/356"}],"collection":[{"href":"https:\/\/funlape.com\/index.php\/wp-json\/wp\/v2\/pages"}],"about":[{"href":"https:\/\/funlape.com\/index.php\/wp-json\/wp\/v2\/types\/page"}],"author":[{"embeddable":true,"href":"https:\/\/funlape.com\/index.php\/wp-json\/wp\/v2\/users\/1"}],"replies":[{"embeddable":true,"href":"https:\/\/funlape.com\/index.php\/wp-json\/wp\/v2\/comments?post=356"}],"version-history":[{"count":22,"href":"https:\/\/funlape.com\/index.php\/wp-json\/wp\/v2\/pages\/356\/revisions"}],"predecessor-version":[{"id":399,"href":"https:\/\/funlape.com\/index.php\/wp-json\/wp\/v2\/pages\/356\/revisions\/399"}],"wp:attachment":[{"href":"https:\/\/funlape.com\/index.php\/wp-json\/wp\/v2\/media?parent=356"}],"curies":[{"name":"wp","href":"https:\/\/api.w.org\/{rel}","templated":true}]}}