{"id":655,"date":"2021-10-22T03:20:33","date_gmt":"2021-10-22T03:20:33","guid":{"rendered":"https:\/\/funlape.com\/?page_id=655"},"modified":"2021-10-22T13:20:22","modified_gmt":"2021-10-22T13:20:22","slug":"quienes-somos","status":"publish","type":"page","link":"https:\/\/funlape.com\/index.php\/quienes-somos\/","title":{"rendered":"Elementor #655"},"content":{"rendered":"<h2>\n<h1 style=\"font-size: 36px; margin-top: 20px; margin-bottom: 10px; font-family: Oswald, sans-serif; font-weight: 700; line-height: 1.1; color: rgb(51, 51, 51); text-align: center; font-style: normal; white-space: normal;\">Misi\u00f3n y Visi\u00f3n<\/h1>\n<\/h2>\n<h2>\n<h1 style=\"font-size: 30px; margin-bottom: 15px; font-family: Oswald, sans-serif; font-weight: 500; line-height: 1.1; color: rgb(52, 52, 52); padding-top: 39px; position: relative; padding-bottom: 10px; border-bottom: 1px solid rgb(238, 238, 238); font-style: normal; white-space: normal;\">Misi\u00f3n Institucional<\/h1>\n<\/h2>\n<p>Aportar en los procesos participativos de elaboraci\u00f3n y operativizaci\u00f3n de propuestas de desarrollo integrales, sostenibles e inclusivas\u00a0 a nivel local y regional; en el marco de las autonom\u00edas territoriales, para responder efectivamente a los problemas de pobreza, desigualdad, cambio clim\u00e1tico y ejercicio de derechos de la poblaci\u00f3n vulnerable<\/p>\n<h2>\n<h1 style=\"font-size: 30px; margin-bottom: 15px; font-family: Oswald, sans-serif; font-weight: 500; line-height: 1.1; color: rgb(52, 52, 52); padding-top: 39px; position: relative; padding-bottom: 10px; border-bottom: 1px solid rgb(238, 238, 238); font-style: normal; white-space: normal;\">Visi\u00f3n Institucional<\/h1>\n<\/h2>\n<p>Ser una instituci\u00f3n referente de trabajo: confiable, eficiente, con innovaci\u00f3n y compromiso con el desarrollo integral, sostenible, inclusivo y el ejercicio pleno de derechos.<\/p>\n<h2>\n<h1 style=\"font-size: 30px; margin-bottom: 15px; font-family: Oswald, sans-serif; font-weight: 500; line-height: 1.1; color: rgb(52, 52, 52); padding-top: 39px; position: relative; padding-bottom: 10px; border-bottom: 1px solid rgb(238, 238, 238); font-style: normal; white-space: normal;\">Visi\u00f3n De Desarrollo<\/h1>\n<\/h2>\n<p>Comunidades y municipios rurales articulados entre s\u00ed, con el departamento y el pa\u00eds, con din\u00e1micas econ\u00f3micas que generan empleo, producci\u00f3n e ingresos relevantes, con organizaciones e instituciones p\u00fablico y privadas, funcionales y territoriales, econ\u00f3micas y sociales fuertes, capaces de gestionar su desarrollo, de tomar sus propias decisiones, ofreciendo oportunidades y generando un ambiente propicio para que hombres y mujeres, j\u00f3venes, adultos ni\u00f1os y ancianos ejerzan plenamente sus derechos y gocen de calidad de vida.<\/p>\n<p>\u00a0<\/p>\n<h2>Historia de la Fundaci\u00f3n PASOS<\/h2>\n<p>La Fundaci\u00f3n PASOS es una Instituci\u00f3n Privada de Desarrollo Social (IPDS), sin fines de lucro, que inicia sus actividades en la ciudad de Sucre en el a\u00f1o 2000. En su constituci\u00f3n, PASOS responde a la voluntad de un conjunto de personas, que haciendo una valoraci\u00f3n de sus propias experiencias en instituciones dedicadas al desarrollo rural, deciden aportar con su propia visi\u00f3n en intervenciones de desarrollo y pr\u00e1cticas de gesti\u00f3n institucional.<\/p>\n<p>El presente marco estrat\u00e9gico &#8211; que se constituye en un ajuste del planteado inicialmente- fue elaborado luego de la promulgaci\u00f3n de la nueva Constituci\u00f3n Pol\u00edtica del Estado (nCPE), la definici\u00f3n de nuevas pol\u00edticas\u00a0 de Estado y de la construcci\u00f3n de nuevas pol\u00edticas p\u00fablicas de desarrollo a nivel nacional\/ regional y sectorial; referentes importantes para que PASOS ajuste y complemente su Marco Estrat\u00e9gico Institucional; este ajuste toma tambi\u00e9n en cuenta la din\u00e1mica que los actores sociales rurales asumen en el desarrollo econ\u00f3mico local\/ regional, tanto en aspectos productivos, organizativos y de pol\u00edticas de desarrollo econ\u00f3mico, social y cultural. Al mismo tiempo el ajuste del MEI recupera la experiencia institucional en el dise\u00f1o, ejecuci\u00f3n y evaluaci\u00f3n de su intervenci\u00f3n, conjuntamente los actores econ\u00f3micos y sociales.<\/p>\n","protected":false},"excerpt":{"rendered":"<p>Misi\u00f3n y Visi\u00f3n Misi\u00f3n Institucional Aportar en los procesos participativos de elaboraci\u00f3n y operativizaci\u00f3n de propuestas de desarrollo integrales, sostenibles e inclusivas\u00a0 a nivel local y regional; en el marco de las autonom\u00edas territoriales, para responder efectivamente a los problemas de pobreza, desigualdad, cambio clim\u00e1tico y ejercicio de derechos de la poblaci\u00f3n vulnerable Visi\u00f3n Institucional &hellip;<\/p>\n<p class=\"read-more\"> <a class=\"\" href=\"https:\/\/funlape.com\/index.php\/quienes-somos\/\"> <span class=\"screen-reader-text\">Elementor #655<\/span> Read More &raquo;<\/a><\/p>\n","protected":false},"author":1,"featured_media":0,"parent":0,"menu_order":0,"comment_status":"closed","ping_status":"open","template":"","meta":{"footnotes":""},"_links":{"self":[{"href":"https:\/\/funlape.com\/index.php\/wp-json\/wp\/v2\/pages\/655"}],"collection":[{"href":"https:\/\/funlape.com\/index.php\/wp-json\/wp\/v2\/pages"}],"about":[{"href":"https:\/\/funlape.com\/index.php\/wp-json\/wp\/v2\/types\/page"}],"author":[{"embeddable":true,"href":"https:\/\/funlape.com\/index.php\/wp-json\/wp\/v2\/users\/1"}],"replies":[{"embeddable":true,"href":"https:\/\/funlape.com\/index.php\/wp-json\/wp\/v2\/comments?post=655"}],"version-history":[{"count":13,"href":"https:\/\/funlape.com\/index.php\/wp-json\/wp\/v2\/pages\/655\/revisions"}],"predecessor-version":[{"id":670,"href":"https:\/\/funlape.com\/index.php\/wp-json\/wp\/v2\/pages\/655\/revisions\/670"}],"wp:attachment":[{"href":"https:\/\/funlape.com\/index.php\/wp-json\/wp\/v2\/media?parent=655"}],"curies":[{"name":"wp","href":"https:\/\/api.w.org\/{rel}","templated":true}]}}