{"id":676,"date":"2021-10-22T15:05:51","date_gmt":"2021-10-22T15:05:51","guid":{"rendered":"https:\/\/funlape.com\/?page_id=676"},"modified":"2021-10-22T15:06:42","modified_gmt":"2021-10-22T15:06:42","slug":"objetivos-estrategicos","status":"publish","type":"page","link":"https:\/\/funlape.com\/index.php\/objetivos-estrategicos\/","title":{"rendered":"Objetivos Estrategicos"},"content":{"rendered":"<h2>OBJETIVOS ESTRATEGICOS<\/h2>\n<h2>OBJETIVO GENERAL<\/h2>\n<p>Aportar en la generaci\u00f3n de condiciones (gesti\u00f3n de recursos, inserci\u00f3n a mercado, desarrollo de capacidades, fortalecimiento de organizaciones y desarrollo de la institucionalidad) para la dinamizaci\u00f3n socio-econ\u00f3mica en territorios locales determinados.<\/p>\n<h2>OBJETIVOS ESPECIFICOS<\/h2>\n<h3><strong>Econ\u00f3mico productivo y ambiental<\/strong><\/h3>\n<p>Incentivar la inserci\u00f3n sostenible de peque\u00f1os productores \u2013 organizados e individuales, rurales y periurbanos -, en cadenas de valor\/ complejos productivos, con repercusi\u00f3n en empleo, ingreso y disponibilidad de alimentos sanos, promoviendo el acceso a recursos y servicios, con equidad de g\u00e9nero y equidad generacional.<\/p>\n<h3><strong>Fortalecimiento de capacidades<\/strong><\/h3>\n<p>Desarrollar y fortalecer capacidades de recursos humanos locales, para la gesti\u00f3n integral\u00a0 de sus recursos, sus emprendimientos y organizaciones econ\u00f3micas y sociales.<\/p>\n<h3><strong>Incidencia en desarrollo local\u00a0 y alianzas<\/strong><\/h3>\n<p>Contribuir a desarrollar y fortalecer la institucionalidad p\u00fablica, privada y mixta, coadyuvando a generar un ambiente favorable y participativo para la formulaci\u00f3n y aplicaci\u00f3n de pol\u00edticas p\u00fablicas.<\/p>\n<h3><strong>Fortalecimiento institucional<\/strong><\/h3>\n<p>Desarrollar una gesti\u00f3n institucional de PASOS con eficiencia, innovaci\u00f3n, visibilidad de resultados, potenciamiento de su personal y manejo transparente de recursos.<\/p>\n<ul>\n<li>\n\t\t\t\t\t\t\t\t\t<\/li>\n<li>\n\t\t\t\t\t\t\t\t\t<\/li>\n<li>\n\t\t\t\t\t\t\t\t\t<\/li>\n<\/ul>\n","protected":false},"excerpt":{"rendered":"<p>OBJETIVOS ESTRATEGICOS OBJETIVO GENERAL Aportar en la generaci\u00f3n de condiciones (gesti\u00f3n de recursos, inserci\u00f3n a mercado, desarrollo de capacidades, fortalecimiento de organizaciones y desarrollo de la institucionalidad) para la dinamizaci\u00f3n socio-econ\u00f3mica en territorios locales determinados. OBJETIVOS ESPECIFICOS Econ\u00f3mico productivo y ambiental Incentivar la inserci\u00f3n sostenible de peque\u00f1os productores \u2013 organizados e individuales, rurales y periurbanos &hellip;<\/p>\n<p class=\"read-more\"> <a class=\"\" href=\"https:\/\/funlape.com\/index.php\/objetivos-estrategicos\/\"> <span class=\"screen-reader-text\">Objetivos Estrategicos<\/span> Read More &raquo;<\/a><\/p>\n","protected":false},"author":1,"featured_media":0,"parent":0,"menu_order":0,"comment_status":"closed","ping_status":"closed","template":"","meta":{"footnotes":""},"_links":{"self":[{"href":"https:\/\/funlape.com\/index.php\/wp-json\/wp\/v2\/pages\/676"}],"collection":[{"href":"https:\/\/funlape.com\/index.php\/wp-json\/wp\/v2\/pages"}],"about":[{"href":"https:\/\/funlape.com\/index.php\/wp-json\/wp\/v2\/types\/page"}],"author":[{"embeddable":true,"href":"https:\/\/funlape.com\/index.php\/wp-json\/wp\/v2\/users\/1"}],"replies":[{"embeddable":true,"href":"https:\/\/funlape.com\/index.php\/wp-json\/wp\/v2\/comments?post=676"}],"version-history":[{"count":4,"href":"https:\/\/funlape.com\/index.php\/wp-json\/wp\/v2\/pages\/676\/revisions"}],"predecessor-version":[{"id":680,"href":"https:\/\/funlape.com\/index.php\/wp-json\/wp\/v2\/pages\/676\/revisions\/680"}],"wp:attachment":[{"href":"https:\/\/funlape.com\/index.php\/wp-json\/wp\/v2\/media?parent=676"}],"curies":[{"name":"wp","href":"https:\/\/api.w.org\/{rel}","templated":true}]}}