{"id":697,"date":"2021-10-22T20:09:38","date_gmt":"2021-10-22T20:09:38","guid":{"rendered":"https:\/\/funlape.com\/?page_id=697"},"modified":"2021-10-22T20:13:35","modified_gmt":"2021-10-22T20:13:35","slug":"curricula-institucional","status":"publish","type":"page","link":"https:\/\/funlape.com\/index.php\/curricula-institucional\/","title":{"rendered":"curricula-institucional"},"content":{"rendered":"<h2>CURRICULA INSTITUCIONAL: PROYECTOS, PROGRAMAS CONSULTORIAS E INVESTIGACIONES EN EJECUCION Y EJECUTADAS<\/h2>\n<p>\t\t\t\t\t\t\t\t\t\t\t\t\t\t\t<img decoding=\"async\" src=\"https:\/\/funlape.com\/wp-content\/plugins\/elementor\/assets\/images\/placeholder.png\" title=\"\" alt=\"\" \/>\t\t\t\t\t\t\t\t\t\t\t\t\t\t\t<\/p>\n<h2>Desarrollo de condiciones  de vida sostenibles a nivel familiar y asociativo en 5 municipios de<br \/>\nChuquisaca<\/h2>\n<h4>Objetivo General<\/h4>\n<p>Mejorar la seguridad alimentaria nutricional de familias de peque\u00f1os productores organizados.<\/p>\n<p>El proyecto contempla la implementaci\u00f3n de la metodolog\u00eda de\u00a0PASE DE CADENA, como estrategia que permita la ampliaci\u00f3n de beneficios y refuerce la l\u00f3gica de reciprocidad existente entre familias, comunidades y asociaciones, ampliando los beneficios del proyecto a un mayor n\u00famero de familias y&#8230;<\/p>\n<h2>Lugar<\/h2>\n<p>15 asociaciones de Monteagudo y de Villa Vaca Guzm\u00e1n<\/p>\n<h2>Entidad Financiera<\/h2>\n<p>Heifer Internacional<\/p>\n<h2>Monto<\/h2>\n<p>3.334.283<\/p>\n<h2>Fecha de inicio<\/h2>\n<p>Abril, 2014<\/p>\n<h2>Fecha de Finalizacion<\/h2>\n<p>Junio, 2017<\/p>\n","protected":false},"excerpt":{"rendered":"<p>CURRICULA INSTITUCIONAL: PROYECTOS, PROGRAMAS CONSULTORIAS E INVESTIGACIONES EN EJECUCION Y EJECUTADAS Desarrollo de condiciones de vida sostenibles a nivel familiar y asociativo en 5 municipios de Chuquisaca Objetivo General Mejorar la seguridad alimentaria nutricional de familias de peque\u00f1os productores organizados. El proyecto contempla la implementaci\u00f3n de la metodolog\u00eda de\u00a0PASE DE CADENA, como estrategia que permita &hellip;<\/p>\n<p class=\"read-more\"> <a class=\"\" href=\"https:\/\/funlape.com\/index.php\/curricula-institucional\/\"> <span class=\"screen-reader-text\">curricula-institucional<\/span> Read More &raquo;<\/a><\/p>\n","protected":false},"author":1,"featured_media":0,"parent":0,"menu_order":0,"comment_status":"closed","ping_status":"closed","template":"","meta":{"footnotes":""},"_links":{"self":[{"href":"https:\/\/funlape.com\/index.php\/wp-json\/wp\/v2\/pages\/697"}],"collection":[{"href":"https:\/\/funlape.com\/index.php\/wp-json\/wp\/v2\/pages"}],"about":[{"href":"https:\/\/funlape.com\/index.php\/wp-json\/wp\/v2\/types\/page"}],"author":[{"embeddable":true,"href":"https:\/\/funlape.com\/index.php\/wp-json\/wp\/v2\/users\/1"}],"replies":[{"embeddable":true,"href":"https:\/\/funlape.com\/index.php\/wp-json\/wp\/v2\/comments?post=697"}],"version-history":[{"count":4,"href":"https:\/\/funlape.com\/index.php\/wp-json\/wp\/v2\/pages\/697\/revisions"}],"predecessor-version":[{"id":701,"href":"https:\/\/funlape.com\/index.php\/wp-json\/wp\/v2\/pages\/697\/revisions\/701"}],"wp:attachment":[{"href":"https:\/\/funlape.com\/index.php\/wp-json\/wp\/v2\/media?parent=697"}],"curies":[{"name":"wp","href":"https:\/\/api.w.org\/{rel}","templated":true}]}}