{"id":1077,"date":"2021-12-22T18:18:18","date_gmt":"2021-12-22T18:18:18","guid":{"rendered":"https:\/\/funlape.com\/?post_type=product&#038;p=1077"},"modified":"2021-12-22T18:19:18","modified_gmt":"2021-12-22T18:19:18","slug":"perro-pequeno","status":"publish","type":"product","link":"https:\/\/funlape.com\/index.php\/product\/perro-pequeno\/","title":{"rendered":"PERRO PEQUE\u00f1o"},"content":{"rendered":"<h2><span lang=\"es\" xml:lang=\"es\">Adopta a un amigo para siempre, A.C.<\/span><\/h2>\n<p><strong><span lang=\"es\" xml:lang=\"es\">Nombre de la mascota:\u00a0<\/span><\/strong><span lang=\"es\" xml:lang=\"es\">Abrepuertas<\/span><\/p>\n<p><strong><span lang=\"es\" xml:lang=\"es\">Raza:\u00a0<\/span><\/strong><span lang=\"es\" xml:lang=\"es\">Mestizo<\/span><\/p>\n<p><strong><span lang=\"es\" xml:lang=\"es\">Edad:\u00a0<\/span><\/strong><span lang=\"es\" xml:lang=\"es\">3 a\u00f1os<\/span><\/p>\n<p><strong><span lang=\"es\" xml:lang=\"es\">Sexo:\u00a0<\/span><\/strong><span lang=\"es\" xml:lang=\"es\">Macho<\/span><\/p>\n<p><strong><span lang=\"es\" xml:lang=\"es\">Tama\u00f1o:<\/span><\/strong><span lang=\"es\" xml:lang=\"es\">\u00a0Mediana &#8211; grande<\/span><\/p>\n<p><strong><span lang=\"es\" xml:lang=\"es\">Personalidad:\u00a0<\/span><\/strong><span lang=\"es\" xml:lang=\"es\">Activo, besuc\u00f3n, alegre<\/span><\/p>\n<p><strong><span lang=\"es\" xml:lang=\"es\">Estado de salud:\u00a0<\/span><\/strong><span lang=\"es\" xml:lang=\"es\">Vacunado (s\u00e9xtuple y bordetella) desparasitado (cada 6 meses) esterilizado<\/span><\/p>\n<p><strong><span lang=\"es\" xml:lang=\"es\">Estado en que lleg\u00f3:\u00a0<\/span><\/strong><span lang=\"es\" xml:lang=\"es\">Desnutrici\u00f3n y par\u00e1sitos internos<\/span><\/p>\n","protected":false},"excerpt":{"rendered":"<div>\n<div>\u00bfSab\u00edas qu\u00e9?<\/div>\n<div class=\"quarantine\"><\/div>\n<\/div>\n<div>\n<div><\/div>\n<div class=\"quarantine\">\n<p><span lang=\"es\" xml:lang=\"es\">Abrepuertas, lleg\u00f3 desde beb\u00e9 al refugio. Afortunadamente no sufri\u00f3 maltrato ya que lo llevaron junto con sus hermanos y lo abandonaron en las puertas del refugio. Es el \u00fanico de la camada que no ha sido adoptado y, aunque es muy feliz, siempre est\u00e1 en busca de amor, paseos y le encanta estar acompa\u00f1ado.\u00a0<\/span><span lang=\"es\" xml:lang=\"es\">Se lleva perfecto con otros perros y con todos los humanos.\u00a0<\/span><span lang=\"es\" xml:lang=\"es\">Le encantan los paseos y los premios.<\/span><\/p>\n<\/div>\n<\/div>\n","protected":false},"featured_media":1078,"comment_status":"open","ping_status":"closed","template":"","meta":[],"product_cat":[40,30,37,33,35,26],"product_tag":[51],"_links":{"self":[{"href":"https:\/\/funlape.com\/index.php\/wp-json\/wp\/v2\/product\/1077"}],"collection":[{"href":"https:\/\/funlape.com\/index.php\/wp-json\/wp\/v2\/product"}],"about":[{"href":"https:\/\/funlape.com\/index.php\/wp-json\/wp\/v2\/types\/product"}],"replies":[{"embeddable":true,"href":"https:\/\/funlape.com\/index.php\/wp-json\/wp\/v2\/comments?post=1077"}],"wp:featuredmedia":[{"embeddable":true,"href":"https:\/\/funlape.com\/index.php\/wp-json\/wp\/v2\/media\/1078"}],"wp:attachment":[{"href":"https:\/\/funlape.com\/index.php\/wp-json\/wp\/v2\/media?parent=1077"}],"wp:term":[{"taxonomy":"product_cat","embeddable":true,"href":"https:\/\/funlape.com\/index.php\/wp-json\/wp\/v2\/product_cat?post=1077"},{"taxonomy":"product_tag","embeddable":true,"href":"https:\/\/funlape.com\/index.php\/wp-json\/wp\/v2\/product_tag?post=1077"}],"curies":[{"name":"wp","href":"https:\/\/api.w.org\/{rel}","templated":true}]}}